{"id":321,"date":"2015-10-28T20:48:20","date_gmt":"2015-10-28T19:48:20","guid":{"rendered":"http:\/\/anaparadinas.com\/en\/curriculum\/"},"modified":"2016-10-31T16:46:52","modified_gmt":"2016-10-31T15:46:52","slug":"bio-actress","status":"publish","type":"page","link":"https:\/\/anaparadinas.com\/en\/bio-actress\/","title":{"rendered":"Bio"},"content":{"rendered":"<p>[vc_row row_type=&#8221;row&#8221; use_row_as_full_screen_section=&#8221;yes&#8221; type=&#8221;full_width&#8221; text_align=&#8221;left&#8221; background_image=&#8221;340&#8243; css_animation=&#8221;&#8221;][vc_column width=&#8221;1\/2&#8243; css=&#8221;.vc_custom_1446201108481{margin-top: 1% !important;margin-right: 1% !important;margin-bottom: 1% !important;margin-left: 1% !important;padding-top: 2% !important;padding-right: 2% !important;padding-bottom: 2% !important;padding-left: 2% !important;background-color: rgba(255,255,255,0.7) !important;*background-color: rgb(255,255,255) !important;}&#8221;][vc_column_text]<\/p>\n<h1>BIO<\/h1>\n<p>[\/vc_column_text][vc_empty_space height=&#8221;22px&#8221;][vc_column_text]<\/p>\n<h2>WEBSERIE<\/h2>\n<p>RESTARTUP. Webserie en Ingl\u00e9s. Una producci\u00f3n de EFECTO GLOBAL &amp;\u00a0VIEWIN. GRUPO SECUOYA. Director: CARLOS RUANO.<\/p>\n<h2>SHORTFILMS<\/h2>\n<p>REW. Protagonista. Cortometraje dirigido por Oswaldo Cardozo. Festival de Ja\u00e9n.<br \/>\nHOTEL MADRID. Dirigido por Jose Martret.<br \/>\nDURANDAL. Protagonista. Cortometraje dirigido por Juan Manuel Romero.<\/p>\n<h2>THEATRE<\/h2>\n<p>\u201cA Midsummer Night\u2019s Dream\u201d en LAMDA (London Academy of Music and Dramatic Art). Londres. Direcci\u00f3n Sean Martin.<br \/>\n\u201cMalditas sean Coronada y sus hijas\u201d de Francisco Nieva. Direcci\u00f3n Carmen L\u00f3pez Mendoza.<br \/>\n\u201cLos cabellos de Absal\u00f3n\u201d. Personaje de Tamar de Calder\u00f3n de la Barca. Direcci\u00f3n Carmen L\u00f3pez.<br \/>\n\u201cTodas las palabras\u201d de Mariano Llorente, direcci\u00f3n Carmen L\u00f3pez.<br \/>\n\u201cMedea y las Eum\u00e9nides\u201d.Tragedia Griega. Direcci\u00f3n Patricio Armentero.<br \/>\n\u201cLas amargas l\u00e1grimas de Petra Von Kant\u201d. Personaje de Karim. Protagonista. Direcci\u00f3n Javier Aranzadi.<br \/>\n\u201cLa casa de Bernarda Alba\u201d.Personaje de Adela. Protagonista. F. G. Lorca. Direcci\u00f3n Amaya Jim\u00e9nez.<\/p>\n<h2>DANCE<\/h2>\n<p>\u201cG\u00e9nero Mujer\u201d Performance reivindicativo contra la violencia de g\u00e9nero. Instituto de la mujer.<br \/>\n\u201cLorca y el flamenco\u201d, dirigido por Amaya Jim\u00e9nez. Centro cultural Pitis.<br \/>\n\u201cFun for me\u201d, coreograf\u00eda de danza contempor\u00e1nea de Ana Moreno. Centro Cultural Ra\u00fal Bueno.<br \/>\nFestivales Escuela Quearte, &#8220;Danza Oriental&#8221;.<\/p>\n<h2>SING &amp; MUSIC<\/h2>\n<p>Cantante en varios grupos de m\u00fasica rock-pop.<\/p>\n<h2>EDUCATION<\/h2>\n<p><strong>Ingl\u00e9s biling\u00fce.<\/strong><br \/>\nMaster de interpretaci\u00f3n ante la c\u00e1mara en cine y tv. Central de Cine. Madrid.<br \/>\nInterpretaci\u00f3n en LAMDA (London Academy of Music and Dramatic Art). Londres.<br \/>\nT\u00e9cnica Meissner con Yolanda Vega. Actors Temple.<br \/>\nEntrenamiento ante la c\u00e1mara con Carles Vila.<br \/>\nActing in English con Marta Rubio.<br \/>\nActing in English con la directora de casting Luci Lenox.<br \/>\nComposici\u00f3n de personajes con Macarena Pombo y Eva Lesmes.<br \/>\nInterpretaci\u00f3n ante la c\u00e1mara con Jorge Gurpegui.<br \/>\nDiplomada en Arte Dram\u00e1tico por la escuela Artes Esc\u00e9nicas La Lavander\u00eda.<br \/>\nCanto moderno con Raquel Soto Moncloa.<br \/>\nFormaci\u00f3n corporal con Arnold Taraborrelli.<br \/>\nCinco a\u00f1os de Piano y lenguaje musical en el Conservatorio de m\u00fasica Santa Cecilia.[\/vc_column_text][vc_empty_space]<a href=\"http:\/\/anaparadinas.com\/wp-content\/uploads\/2016\/10\/ana-paradinas-cv.pdf\" target=\"_blank\"  class=\"qbutton \" style=\"\">DOWNLOAD CV<\/a>[vc_empty_space][\/vc_column][vc_column width=&#8221;1\/2&#8243;][\/vc_column][\/vc_row]<\/p>\n","protected":false},"excerpt":{"rendered":"<p>[vc_row row_type=&#8221;row&#8221; use_row_as_full_screen_section=&#8221;yes&#8221; type=&#8221;full_width&#8221; text_align=&#8221;left&#8221; background_image=&#8221;340&#8243; css_animation=&#8221;&#8221;][vc_column width=&#8221;1\/2&#8243; css=&#8221;.vc_custom_1446201108481{margin-top: 1% !important;margin-right: 1% !important;margin-bottom: 1% !important;margin-left:&#8230;<\/p>\n","protected":false},"author":1,"featured_media":0,"parent":0,"menu_order":0,"comment_status":"closed","ping_status":"closed","template":"full_screen.php","meta":{"footnotes":""},"class_list":["post-321","page","type-page","status-publish","hentry"],"_links":{"self":[{"href":"https:\/\/anaparadinas.com\/en\/wp-json\/wp\/v2\/pages\/321","targetHints":{"allow":["GET"]}}],"collection":[{"href":"https:\/\/anaparadinas.com\/en\/wp-json\/wp\/v2\/pages"}],"about":[{"href":"https:\/\/anaparadinas.com\/en\/wp-json\/wp\/v2\/types\/page"}],"author":[{"embeddable":true,"href":"https:\/\/anaparadinas.com\/en\/wp-json\/wp\/v2\/users\/1"}],"replies":[{"embeddable":true,"href":"https:\/\/anaparadinas.com\/en\/wp-json\/wp\/v2\/comments?post=321"}],"version-history":[{"count":3,"href":"https:\/\/anaparadinas.com\/en\/wp-json\/wp\/v2\/pages\/321\/revisions"}],"predecessor-version":[{"id":341,"href":"https:\/\/anaparadinas.com\/en\/wp-json\/wp\/v2\/pages\/321\/revisions\/341"}],"wp:attachment":[{"href":"https:\/\/anaparadinas.com\/en\/wp-json\/wp\/v2\/media?parent=321"}],"curies":[{"name":"wp","href":"https:\/\/api.w.org\/{rel}","templated":true}]}}